{"id":1537,"date":"2026-02-03T13:11:35","date_gmt":"2026-02-03T12:11:35","guid":{"rendered":"https:\/\/polmarkus.unlimitech.pl\/?page_id=1537"},"modified":"2026-02-03T13:17:55","modified_gmt":"2026-02-03T12:17:55","slug":"utrzymanie-czystosci","status":"publish","type":"page","link":"https:\/\/polmarkus.unlimitech.pl\/en\/kategorie\/utrzymanie-czystosci\/","title":{"rendered":"Utrzymanie czysto\u015bci"},"content":{"rendered":"","protected":false},"excerpt":{"rendered":"<p>Produkty i narz\u0119dzia do utrzymania czysto\u015bci w piekarniach, cukierniach i gastronomii. Skuteczne \u015brodki i akcesoria.<\/p>","protected":false},"author":2,"featured_media":1535,"parent":575,"menu_order":0,"comment_status":"closed","ping_status":"closed","template":"","meta":{"_acf_changed":false,"inline_featured_image":false,"site-sidebar-layout":"default","site-content-layout":"","ast-site-content-layout":"default","site-content-style":"default","site-sidebar-style":"default","ast-global-header-display":"","ast-banner-title-visibility":"","ast-main-header-display":"","ast-hfb-above-header-display":"","ast-hfb-below-header-display":"","ast-hfb-mobile-header-display":"","site-post-title":"","ast-breadcrumbs-content":"","ast-featured-img":"","footer-sml-layout":"","ast-disable-related-posts":"","theme-transparent-header-meta":"","adv-header-id-meta":"","stick-header-meta":"","header-above-stick-meta":"","header-main-stick-meta":"","header-below-stick-meta":"","astra-migrate-meta-layouts":"default","ast-page-background-enabled":"default","ast-page-background-meta":{"desktop":{"background-color":"var(--ast-global-color-5)","background-image":"","background-repeat":"repeat","background-position":"center center","background-size":"auto","background-attachment":"scroll","background-type":"","background-media":"","overlay-type":"","overlay-color":"","overlay-opacity":"","overlay-gradient":""},"tablet":{"background-color":"","background-image":"","background-repeat":"repeat","background-position":"center center","background-size":"auto","background-attachment":"scroll","background-type":"","background-media":"","overlay-type":"","overlay-color":"","overlay-opacity":"","overlay-gradient":""},"mobile":{"background-color":"","background-image":"","background-repeat":"repeat","background-position":"center center","background-size":"auto","background-attachment":"scroll","background-type":"","background-media":"","overlay-type":"","overlay-color":"","overlay-opacity":"","overlay-gradient":""}},"ast-content-background-meta":{"desktop":{"background-color":"var(--ast-global-color-4)","background-image":"","background-repeat":"repeat","background-position":"center center","background-size":"auto","background-attachment":"scroll","background-type":"","background-media":"","overlay-type":"","overlay-color":"","overlay-opacity":"","overlay-gradient":""},"tablet":{"background-color":"var(--ast-global-color-4)","background-image":"","background-repeat":"repeat","background-position":"center center","background-size":"auto","background-attachment":"scroll","background-type":"","background-media":"","overlay-type":"","overlay-color":"","overlay-opacity":"","overlay-gradient":""},"mobile":{"background-color":"var(--ast-global-color-4)","background-image":"","background-repeat":"repeat","background-position":"center center","background-size":"auto","background-attachment":"scroll","background-type":"","background-media":"","overlay-type":"","overlay-color":"","overlay-opacity":"","overlay-gradient":""}},"footnotes":""},"page_tag":[17],"class_list":["post-1537","page","type-page","status-publish","has-post-thumbnail","hentry","page_tag-piekarnie"],"acf":[],"yoast_head":"<!-- This site is optimized with the Yoast SEO plugin v27.3 - https:\/\/yoast.com\/product\/yoast-seo-wordpress\/ -->\n<title>Utrzymanie czysto\u015bci - Polmarkus - doradztwo, technologia, dystrybucja, serwis dla piekarni, cukierni, lodziarni i gastronomii<\/title>\n<meta name=\"robots\" content=\"noindex, follow, max-snippet:-1, max-image-preview:large, max-video-preview:-1\" \/>\n<meta property=\"og:locale\" content=\"en_GB\" \/>\n<meta property=\"og:type\" content=\"article\" \/>\n<meta property=\"og:title\" content=\"Utrzymanie czysto\u015bci - Polmarkus - doradztwo, technologia, dystrybucja, serwis dla piekarni, cukierni, lodziarni i gastronomii\" \/>\n<meta property=\"og:description\" content=\"Produkty i narz\u0119dzia do utrzymania czysto\u015bci w piekarniach, cukierniach i gastronomii. Skuteczne \u015brodki i akcesoria.\" \/>\n<meta property=\"og:url\" content=\"https:\/\/polmarkus.unlimitech.pl\/en\/kategorie\/utrzymanie-czystosci\/\" \/>\n<meta property=\"og:site_name\" content=\"Polmarkus - doradztwo, technologia, dystrybucja, serwis dla piekarni, cukierni, lodziarni i gastronomii\" \/>\n<meta property=\"article:modified_time\" content=\"2026-02-03T12:17:55+00:00\" \/>\n<meta property=\"og:image\" content=\"https:\/\/polmarkus.unlimitech.pl\/wp-content\/uploads\/2026\/02\/k7iju6h5.webp\" \/>\n\t<meta property=\"og:image:width\" content=\"365\" \/>\n\t<meta property=\"og:image:height\" content=\"560\" \/>\n\t<meta property=\"og:image:type\" content=\"image\/webp\" \/>\n<meta name=\"twitter:card\" content=\"summary_large_image\" \/>\n<meta name=\"twitter:label1\" content=\"Estimated reading time\" \/>\n\t<meta name=\"twitter:data1\" content=\"1 minute\" \/>\n<script type=\"application\/ld+json\" class=\"yoast-schema-graph\">{\"@context\":\"https:\\\/\\\/schema.org\",\"@graph\":[{\"@type\":\"WebPage\",\"@id\":\"https:\\\/\\\/polmarkus.unlimitech.pl\\\/kategorie\\\/utrzymanie-czystosci\\\/\",\"url\":\"https:\\\/\\\/polmarkus.unlimitech.pl\\\/kategorie\\\/utrzymanie-czystosci\\\/\",\"name\":\"Utrzymanie czysto\u015bci - Polmarkus - doradztwo, technologia, dystrybucja, serwis dla piekarni, cukierni, lodziarni i gastronomii\",\"isPartOf\":{\"@id\":\"http:\\\/\\\/polmarkus.unlimitech.pl\\\/#website\"},\"primaryImageOfPage\":{\"@id\":\"https:\\\/\\\/polmarkus.unlimitech.pl\\\/kategorie\\\/utrzymanie-czystosci\\\/#primaryimage\"},\"image\":{\"@id\":\"https:\\\/\\\/polmarkus.unlimitech.pl\\\/kategorie\\\/utrzymanie-czystosci\\\/#primaryimage\"},\"thumbnailUrl\":\"https:\\\/\\\/polmarkus.unlimitech.pl\\\/wp-content\\\/uploads\\\/2026\\\/02\\\/k7iju6h5.webp\",\"datePublished\":\"2026-02-03T12:11:35+00:00\",\"dateModified\":\"2026-02-03T12:17:55+00:00\",\"breadcrumb\":{\"@id\":\"https:\\\/\\\/polmarkus.unlimitech.pl\\\/kategorie\\\/utrzymanie-czystosci\\\/#breadcrumb\"},\"inLanguage\":\"en-GB\",\"potentialAction\":[{\"@type\":\"ReadAction\",\"target\":[\"https:\\\/\\\/polmarkus.unlimitech.pl\\\/kategorie\\\/utrzymanie-czystosci\\\/\"]}]},{\"@type\":\"ImageObject\",\"inLanguage\":\"en-GB\",\"@id\":\"https:\\\/\\\/polmarkus.unlimitech.pl\\\/kategorie\\\/utrzymanie-czystosci\\\/#primaryimage\",\"url\":\"https:\\\/\\\/polmarkus.unlimitech.pl\\\/wp-content\\\/uploads\\\/2026\\\/02\\\/k7iju6h5.webp\",\"contentUrl\":\"https:\\\/\\\/polmarkus.unlimitech.pl\\\/wp-content\\\/uploads\\\/2026\\\/02\\\/k7iju6h5.webp\",\"width\":365,\"height\":560},{\"@type\":\"BreadcrumbList\",\"@id\":\"https:\\\/\\\/polmarkus.unlimitech.pl\\\/kategorie\\\/utrzymanie-czystosci\\\/#breadcrumb\",\"itemListElement\":[{\"@type\":\"ListItem\",\"position\":1,\"name\":\"Strona g\u0142\u00f3wna\",\"item\":\"https:\\\/\\\/polmarkus.unlimitech.pl\\\/\"},{\"@type\":\"ListItem\",\"position\":2,\"name\":\"Kategorie\",\"item\":\"https:\\\/\\\/polmarkus.unlimitech.pl\\\/kategorie\\\/\"},{\"@type\":\"ListItem\",\"position\":3,\"name\":\"Utrzymanie czysto\u015bci\"}]},{\"@type\":\"WebSite\",\"@id\":\"http:\\\/\\\/polmarkus.unlimitech.pl\\\/#website\",\"url\":\"http:\\\/\\\/polmarkus.unlimitech.pl\\\/\",\"name\":\"Polmarkus - doradztwo, technologia, dystrybucja, serwis dla piekarni, cukierni, lodziarni i gastronomii\",\"description\":\"doradztwo, technologia, dystrybucja, serwis dla piekarni, cukierni, lodziarni i gastronomii\",\"publisher\":{\"@id\":\"http:\\\/\\\/polmarkus.unlimitech.pl\\\/#organization\"},\"potentialAction\":[{\"@type\":\"SearchAction\",\"target\":{\"@type\":\"EntryPoint\",\"urlTemplate\":\"http:\\\/\\\/polmarkus.unlimitech.pl\\\/?s={search_term_string}\"},\"query-input\":{\"@type\":\"PropertyValueSpecification\",\"valueRequired\":true,\"valueName\":\"search_term_string\"}}],\"inLanguage\":\"en-GB\"},{\"@type\":\"Organization\",\"@id\":\"http:\\\/\\\/polmarkus.unlimitech.pl\\\/#organization\",\"name\":\"Polmarkus - doradztwo, technologia, dystrybucja, serwis dla piekarni, cukierni, lodziarni i gastronomii\",\"url\":\"http:\\\/\\\/polmarkus.unlimitech.pl\\\/\",\"logo\":{\"@type\":\"ImageObject\",\"inLanguage\":\"en-GB\",\"@id\":\"http:\\\/\\\/polmarkus.unlimitech.pl\\\/#\\\/schema\\\/logo\\\/image\\\/\",\"url\":\"https:\\\/\\\/polmarkus.unlimitech.pl\\\/wp-content\\\/uploads\\\/2025\\\/12\\\/LOGO-1.svg\",\"contentUrl\":\"https:\\\/\\\/polmarkus.unlimitech.pl\\\/wp-content\\\/uploads\\\/2025\\\/12\\\/LOGO-1.svg\",\"width\":150,\"height\":60,\"caption\":\"Polmarkus - doradztwo, technologia, dystrybucja, serwis dla piekarni, cukierni, lodziarni i gastronomii\"},\"image\":{\"@id\":\"http:\\\/\\\/polmarkus.unlimitech.pl\\\/#\\\/schema\\\/logo\\\/image\\\/\"}}]}<\/script>\n<!-- \/ Yoast SEO plugin. -->","yoast_head_json":{"title":"Utrzymanie czysto\u015bci - Polmarkus - doradztwo, technologia, dystrybucja, serwis dla piekarni, cukierni, lodziarni i gastronomii","robots":{"index":"noindex","follow":"follow","max-snippet":"max-snippet:-1","max-image-preview":"max-image-preview:large","max-video-preview":"max-video-preview:-1"},"og_locale":"en_GB","og_type":"article","og_title":"Utrzymanie czysto\u015bci - Polmarkus - doradztwo, technologia, dystrybucja, serwis dla piekarni, cukierni, lodziarni i gastronomii","og_description":"Produkty i narz\u0119dzia do utrzymania czysto\u015bci w piekarniach, cukierniach i gastronomii. Skuteczne \u015brodki i akcesoria.","og_url":"https:\/\/polmarkus.unlimitech.pl\/en\/kategorie\/utrzymanie-czystosci\/","og_site_name":"Polmarkus - doradztwo, technologia, dystrybucja, serwis dla piekarni, cukierni, lodziarni i gastronomii","article_modified_time":"2026-02-03T12:17:55+00:00","og_image":[{"width":365,"height":560,"url":"https:\/\/polmarkus.unlimitech.pl\/wp-content\/uploads\/2026\/02\/k7iju6h5.webp","type":"image\/webp"}],"twitter_card":"summary_large_image","twitter_misc":{"Estimated reading time":"1 minute"},"schema":{"@context":"https:\/\/schema.org","@graph":[{"@type":"WebPage","@id":"https:\/\/polmarkus.unlimitech.pl\/kategorie\/utrzymanie-czystosci\/","url":"https:\/\/polmarkus.unlimitech.pl\/kategorie\/utrzymanie-czystosci\/","name":"Utrzymanie czysto\u015bci - Polmarkus - doradztwo, technologia, dystrybucja, serwis dla piekarni, cukierni, lodziarni i gastronomii","isPartOf":{"@id":"http:\/\/polmarkus.unlimitech.pl\/#website"},"primaryImageOfPage":{"@id":"https:\/\/polmarkus.unlimitech.pl\/kategorie\/utrzymanie-czystosci\/#primaryimage"},"image":{"@id":"https:\/\/polmarkus.unlimitech.pl\/kategorie\/utrzymanie-czystosci\/#primaryimage"},"thumbnailUrl":"https:\/\/polmarkus.unlimitech.pl\/wp-content\/uploads\/2026\/02\/k7iju6h5.webp","datePublished":"2026-02-03T12:11:35+00:00","dateModified":"2026-02-03T12:17:55+00:00","breadcrumb":{"@id":"https:\/\/polmarkus.unlimitech.pl\/kategorie\/utrzymanie-czystosci\/#breadcrumb"},"inLanguage":"en-GB","potentialAction":[{"@type":"ReadAction","target":["https:\/\/polmarkus.unlimitech.pl\/kategorie\/utrzymanie-czystosci\/"]}]},{"@type":"ImageObject","inLanguage":"en-GB","@id":"https:\/\/polmarkus.unlimitech.pl\/kategorie\/utrzymanie-czystosci\/#primaryimage","url":"https:\/\/polmarkus.unlimitech.pl\/wp-content\/uploads\/2026\/02\/k7iju6h5.webp","contentUrl":"https:\/\/polmarkus.unlimitech.pl\/wp-content\/uploads\/2026\/02\/k7iju6h5.webp","width":365,"height":560},{"@type":"BreadcrumbList","@id":"https:\/\/polmarkus.unlimitech.pl\/kategorie\/utrzymanie-czystosci\/#breadcrumb","itemListElement":[{"@type":"ListItem","position":1,"name":"Strona g\u0142\u00f3wna","item":"https:\/\/polmarkus.unlimitech.pl\/"},{"@type":"ListItem","position":2,"name":"Kategorie","item":"https:\/\/polmarkus.unlimitech.pl\/kategorie\/"},{"@type":"ListItem","position":3,"name":"Utrzymanie czysto\u015bci"}]},{"@type":"WebSite","@id":"http:\/\/polmarkus.unlimitech.pl\/#website","url":"http:\/\/polmarkus.unlimitech.pl\/","name":"Polmarkus - doradztwo, technologia, dystrybucja, serwis dla piekarni, cukierni, lodziarni i gastronomii","description":"doradztwo, technologia, dystrybucja, serwis dla piekarni, cukierni, lodziarni i gastronomii","publisher":{"@id":"http:\/\/polmarkus.unlimitech.pl\/#organization"},"potentialAction":[{"@type":"SearchAction","target":{"@type":"EntryPoint","urlTemplate":"http:\/\/polmarkus.unlimitech.pl\/?s={search_term_string}"},"query-input":{"@type":"PropertyValueSpecification","valueRequired":true,"valueName":"search_term_string"}}],"inLanguage":"en-GB"},{"@type":"Organization","@id":"http:\/\/polmarkus.unlimitech.pl\/#organization","name":"Polmarkus - doradztwo, technologia, dystrybucja, serwis dla piekarni, cukierni, lodziarni i gastronomii","url":"http:\/\/polmarkus.unlimitech.pl\/","logo":{"@type":"ImageObject","inLanguage":"en-GB","@id":"http:\/\/polmarkus.unlimitech.pl\/#\/schema\/logo\/image\/","url":"https:\/\/polmarkus.unlimitech.pl\/wp-content\/uploads\/2025\/12\/LOGO-1.svg","contentUrl":"https:\/\/polmarkus.unlimitech.pl\/wp-content\/uploads\/2025\/12\/LOGO-1.svg","width":150,"height":60,"caption":"Polmarkus - doradztwo, technologia, dystrybucja, serwis dla piekarni, cukierni, lodziarni i gastronomii"},"image":{"@id":"http:\/\/polmarkus.unlimitech.pl\/#\/schema\/logo\/image\/"}}]}},"_links":{"self":[{"href":"https:\/\/polmarkus.unlimitech.pl\/en\/wp-json\/wp\/v2\/pages\/1537","targetHints":{"allow":["GET"]}}],"collection":[{"href":"https:\/\/polmarkus.unlimitech.pl\/en\/wp-json\/wp\/v2\/pages"}],"about":[{"href":"https:\/\/polmarkus.unlimitech.pl\/en\/wp-json\/wp\/v2\/types\/page"}],"author":[{"embeddable":true,"href":"https:\/\/polmarkus.unlimitech.pl\/en\/wp-json\/wp\/v2\/users\/2"}],"replies":[{"embeddable":true,"href":"https:\/\/polmarkus.unlimitech.pl\/en\/wp-json\/wp\/v2\/comments?post=1537"}],"version-history":[{"count":2,"href":"https:\/\/polmarkus.unlimitech.pl\/en\/wp-json\/wp\/v2\/pages\/1537\/revisions"}],"predecessor-version":[{"id":1547,"href":"https:\/\/polmarkus.unlimitech.pl\/en\/wp-json\/wp\/v2\/pages\/1537\/revisions\/1547"}],"up":[{"embeddable":true,"href":"https:\/\/polmarkus.unlimitech.pl\/en\/wp-json\/wp\/v2\/pages\/575"}],"wp:featuredmedia":[{"embeddable":true,"href":"https:\/\/polmarkus.unlimitech.pl\/en\/wp-json\/wp\/v2\/media\/1535"}],"wp:attachment":[{"href":"https:\/\/polmarkus.unlimitech.pl\/en\/wp-json\/wp\/v2\/media?parent=1537"}],"wp:term":[{"taxonomy":"page_tag","embeddable":true,"href":"https:\/\/polmarkus.unlimitech.pl\/en\/wp-json\/wp\/v2\/page_tag?post=1537"}],"curies":[{"name":"wp","href":"https:\/\/api.w.org\/{rel}","templated":true}]}}