{"id":2106,"date":"2026-02-06T09:15:15","date_gmt":"2026-02-06T08:15:15","guid":{"rendered":"https:\/\/polmarkus.unlimitech.pl\/?page_id=2106"},"modified":"2026-02-06T10:09:46","modified_gmt":"2026-02-06T09:09:46","slug":"kariera","status":"publish","type":"page","link":"https:\/\/polmarkus.unlimitech.pl\/en\/kariera\/","title":{"rendered":"Praca"},"content":{"rendered":"<div data-elementor-type=\"wp-page\" data-elementor-id=\"2106\" class=\"elementor elementor-2106\" data-elementor-post-type=\"page\">\n\t\t\t\t<div class=\"elementor-element elementor-element-5389bf6 e-flex e-con-boxed e-con e-parent\" data-id=\"5389bf6\" data-element_type=\"container\" data-settings=\"{&quot;background_background&quot;:&quot;classic&quot;}\">\n\t\t\t\t\t<div class=\"e-con-inner\">\n\t\t\t\t<div class=\"elementor-element elementor-element-5de37335 elementor-widget elementor-widget-breadcrumbs\" data-id=\"5de37335\" data-element_type=\"widget\" data-widget_type=\"breadcrumbs.default\">\n\t\t\t\t\t<p id=\"breadcrumbs\"><span><span><a href=\"https:\/\/polmarkus.unlimitech.pl\/en\/\">Strona g\u0142\u00f3wna<\/a><\/span><\/span><\/p>\t\t\t\t<\/div>\n\t\t\t\t<div class=\"elementor-element elementor-element-260c66e2 elementor-widget elementor-widget-text-editor\" data-id=\"260c66e2\" data-element_type=\"widget\" data-widget_type=\"text-editor.default\">\n\t\t\t\t\t\t\t\t\t<div>Jeste\u015bmy <strong>WIOD\u0104CYM POLSKIM DYSTRYBUTOREM<\/strong> produkt\u00f3w spo\u017cywczych w bran\u017cy Piekarsko \u2013 Cukierniczo \u2013 Lodziarskiej. Dzia\u0142amy na rynku polskim oraz europejskim nieprzerwanie\u00a0 <strong>OD 1992 ROKU<\/strong> stale si\u0119 <strong>ROZWIJAJ\u0104C PERSONALNIE I TECHNOLOGICZNIE.<\/strong> Ponadto zajmujemy si\u0119 wprowadzaniem produkt\u00f3w oraz kreowaniem i wdra\u017caniem innowacyjnych rozwi\u0105za\u0144 w zakresie obs\u0142ugiwanego rynku. Nasz\u0105 si\u0142\u0119 stanowi zesp\u00f3\u0142 do\u015bwiadczonych specjalist\u00f3w, kt\u00f3rzy s\u0105 <strong>Z NAMI OD LAT<\/strong>. Jeste\u015bmy ekspertem w swojej bran\u017cy. Zatem je\u015bli szukasz stabilnej pracy, w renomowanej firmie, kt\u00f3ra <strong>DBA O SWOICH PRACOWNIK\u00d3W I IDZIE Z DUCHEM CZASU<\/strong> \u2013 to nie czekaj \u2013 wy\u015blij do nas swoje CV, a <strong>CH\u0118TNIE CI\u0118 POZNAMY<\/strong> i Twoje do\u015bwiadczenie.<\/div><div>\u00a0<\/div><div>\u00a0<\/div><div><h2>NA CO MO\u017bESZ LICZY\u0106 DO\u0141\u0104CZAJ\u0104C DO NAS:<\/h2><\/div><div>\u00a0<\/div><ul><li>Jeste\u015bmy sprawdzonym i zaufanym pracodawc\u0105 \u2013 od 30 lat powi\u0119kszamy zesp\u00f3\u0142, z kt\u00f3rym wsp\u00f3lnie si\u0119 rozwijamy.<\/li><li>Wspieramy w codzienno\u015bci \u2013 zapewniamy karty rabatowe na nasze produkty piekarnicze.<\/li><li>Dbamy o nasz zesp\u00f3\u0142 \u2013 masz mo\u017cliwo\u015b\u0107 do\u0142\u0105czenia do ubezpieczenia grupowego.<\/li><li>Szanujemy naszych pracownik\u00f3w \u2013 zapewniamy umow\u0119 zgodn\u0105 z Twoimi oczekiwaniami (UoP, B2B) i wynagrodzenie\u00a0 adekwatne do stanowiska oraz osi\u0105ganych efekt\u00f3w.<\/li><li>Traktujemy ka\u017cdego profesjonalnie \u2013 od pocz\u0105tku zapewniamy niezb\u0119dne narz\u0119dzia pracy.<\/li><li>Liczymy si\u0119 z do\u015bwiadczeniem pracownik\u00f3w \u2013\u00a0 umo\u017cliwiamy realizacj\u0119 usprawnie\u0144 w firmie.<\/li><li>Wspieramy w rozwoju \u2013 zapewniamy szkolenia stanowiskowe i awanse wewn\u0105trz struktur firmy.<\/li><li>Dbamy o dobre relacje \u2013 organizujemy imprezy integracyjne dla naszych pracownik\u00f3w i ich rodzin.<\/li><\/ul><div><h3>JAK SI\u0118 DO NAS ZG\u0141OSI\u0106:<\/h3><\/div><div>\u00a0<\/div><div>Wy\u015blij swoje CV na maila: rekrutacja@polmarkus.com.pl podaj\u0105c w tytule nazw\u0119 stanowiska, kt\u00f3re Ci\u0119 interesuje, a my skontaktujemy si\u0119 z wybranymi kandydatami. Je\u015bli jednak masz dodatkowe pytania, ch\u0119tnie na nie odpowiemy.<\/div><div>\u00a0<\/div><div>Pami\u0119taj zamie\u015bci\u0107 w CV klauzul\u0119 RODO \u2013 przyk\u0142adowa tre\u015b\u0107: Zgodnie z art.6 ust.1 lit. a og\u00f3lnego rozporz\u0105dzenia o ochronie danych osobowych z dnia 27 kwietnia 2016 r. (Dz. Urz. UE L 119 z 04.05.2016) wyra\u017cam zgod\u0119 na przetwarzanie moich danych osobowych dla potrzeb aktualnej i przysz\u0142ych rekrutacji.<\/div><div>\u00a0<\/div><div><h4>OBECNIE ZAPRASZAMY CI\u0118 DO ZG\u0141OSZENIA SI\u0118 NA STANOWISKA:<\/h4><\/div>\t\t\t\t\t\t\t\t<\/div>\n\t\t\t\t\t<\/div>\n\t\t\t\t<\/div>\n\t\t\t\t<\/div>","protected":false},"excerpt":{"rendered":"<p>Jeste\u015bmy WIOD\u0104CYM POLSKIM DYSTRYBUTOREM produkt\u00f3w spo\u017cywczych w bran\u017cy Piekarsko \u2013 Cukierniczo \u2013 Lodziarskiej. Dzia\u0142amy na rynku polskim oraz europejskim nieprzerwanie\u00a0 [&hellip;]<\/p>\n","protected":false},"author":2,"featured_media":0,"parent":0,"menu_order":0,"comment_status":"closed","ping_status":"closed","template":"","meta":{"_acf_changed":false,"inline_featured_image":false,"site-sidebar-layout":"no-sidebar","site-content-layout":"","ast-site-content-layout":"full-width-container","site-content-style":"default","site-sidebar-style":"default","ast-global-header-display":"","ast-banner-title-visibility":"","ast-main-header-display":"","ast-hfb-above-header-display":"","ast-hfb-below-header-display":"","ast-hfb-mobile-header-display":"","site-post-title":"","ast-breadcrumbs-content":"","ast-featured-img":"disabled","footer-sml-layout":"","ast-disable-related-posts":"","theme-transparent-header-meta":"","adv-header-id-meta":"","stick-header-meta":"","header-above-stick-meta":"","header-main-stick-meta":"","header-below-stick-meta":"","astra-migrate-meta-layouts":"default","ast-page-background-enabled":"default","ast-page-background-meta":{"desktop":{"background-color":"var(--ast-global-color-5)","background-image":"","background-repeat":"repeat","background-position":"center center","background-size":"auto","background-attachment":"scroll","background-type":"","background-media":"","overlay-type":"","overlay-color":"","overlay-opacity":"","overlay-gradient":""},"tablet":{"background-color":"","background-image":"","background-repeat":"repeat","background-position":"center center","background-size":"auto","background-attachment":"scroll","background-type":"","background-media":"","overlay-type":"","overlay-color":"","overlay-opacity":"","overlay-gradient":""},"mobile":{"background-color":"","background-image":"","background-repeat":"repeat","background-position":"center center","background-size":"auto","background-attachment":"scroll","background-type":"","background-media":"","overlay-type":"","overlay-color":"","overlay-opacity":"","overlay-gradient":""}},"ast-content-background-meta":{"desktop":{"background-color":"var(--ast-global-color-4)","background-image":"","background-repeat":"repeat","background-position":"center center","background-size":"auto","background-attachment":"scroll","background-type":"","background-media":"","overlay-type":"","overlay-color":"","overlay-opacity":"","overlay-gradient":""},"tablet":{"background-color":"var(--ast-global-color-4)","background-image":"","background-repeat":"repeat","background-position":"center center","background-size":"auto","background-attachment":"scroll","background-type":"","background-media":"","overlay-type":"","overlay-color":"","overlay-opacity":"","overlay-gradient":""},"mobile":{"background-color":"var(--ast-global-color-4)","background-image":"","background-repeat":"repeat","background-position":"center center","background-size":"auto","background-attachment":"scroll","background-type":"","background-media":"","overlay-type":"","overlay-color":"","overlay-opacity":"","overlay-gradient":""}},"footnotes":""},"page_tag":[],"class_list":["post-2106","page","type-page","status-publish","hentry"],"acf":[],"yoast_head":"<!-- This site is optimized with the Yoast SEO plugin v27.3 - https:\/\/yoast.com\/product\/yoast-seo-wordpress\/ -->\n<title>Praca - Polmarkus - doradztwo, technologia, dystrybucja, serwis dla piekarni, cukierni, lodziarni i gastronomii<\/title>\n<meta name=\"robots\" content=\"noindex, follow, max-snippet:-1, max-image-preview:large, max-video-preview:-1\" \/>\n<meta property=\"og:locale\" content=\"en_GB\" \/>\n<meta property=\"og:type\" content=\"article\" \/>\n<meta property=\"og:title\" content=\"Praca - Polmarkus - doradztwo, technologia, dystrybucja, serwis dla piekarni, cukierni, lodziarni i gastronomii\" \/>\n<meta property=\"og:description\" content=\"Jeste\u015bmy WIOD\u0104CYM POLSKIM DYSTRYBUTOREM produkt\u00f3w spo\u017cywczych w bran\u017cy Piekarsko \u2013 Cukierniczo \u2013 Lodziarskiej. Dzia\u0142amy na rynku polskim oraz europejskim nieprzerwanie\u00a0 [&hellip;]\" \/>\n<meta property=\"og:url\" content=\"https:\/\/polmarkus.unlimitech.pl\/en\/kariera\/\" \/>\n<meta property=\"og:site_name\" content=\"Polmarkus - doradztwo, technologia, dystrybucja, serwis dla piekarni, cukierni, lodziarni i gastronomii\" \/>\n<meta property=\"article:modified_time\" content=\"2026-02-06T09:09:46+00:00\" \/>\n<meta name=\"twitter:card\" content=\"summary_large_image\" \/>\n<meta name=\"twitter:label1\" content=\"Estimated reading time\" \/>\n\t<meta name=\"twitter:data1\" content=\"2 minutes\" \/>\n<script type=\"application\/ld+json\" class=\"yoast-schema-graph\">{\"@context\":\"https:\\\/\\\/schema.org\",\"@graph\":[{\"@type\":\"WebPage\",\"@id\":\"https:\\\/\\\/polmarkus.unlimitech.pl\\\/kariera\\\/\",\"url\":\"https:\\\/\\\/polmarkus.unlimitech.pl\\\/kariera\\\/\",\"name\":\"Praca - Polmarkus - doradztwo, technologia, dystrybucja, serwis dla piekarni, cukierni, lodziarni i gastronomii\",\"isPartOf\":{\"@id\":\"http:\\\/\\\/polmarkus.unlimitech.pl\\\/#website\"},\"datePublished\":\"2026-02-06T08:15:15+00:00\",\"dateModified\":\"2026-02-06T09:09:46+00:00\",\"breadcrumb\":{\"@id\":\"https:\\\/\\\/polmarkus.unlimitech.pl\\\/kariera\\\/#breadcrumb\"},\"inLanguage\":\"en-GB\",\"potentialAction\":[{\"@type\":\"ReadAction\",\"target\":[\"https:\\\/\\\/polmarkus.unlimitech.pl\\\/kariera\\\/\"]}]},{\"@type\":\"BreadcrumbList\",\"@id\":\"https:\\\/\\\/polmarkus.unlimitech.pl\\\/kariera\\\/#breadcrumb\",\"itemListElement\":[{\"@type\":\"ListItem\",\"position\":1,\"name\":\"Strona g\u0142\u00f3wna\",\"item\":\"https:\\\/\\\/polmarkus.unlimitech.pl\\\/\"},{\"@type\":\"ListItem\",\"position\":2,\"name\":\"Praca\"}]},{\"@type\":\"WebSite\",\"@id\":\"http:\\\/\\\/polmarkus.unlimitech.pl\\\/#website\",\"url\":\"http:\\\/\\\/polmarkus.unlimitech.pl\\\/\",\"name\":\"Polmarkus - doradztwo, technologia, dystrybucja, serwis dla piekarni, cukierni, lodziarni i gastronomii\",\"description\":\"doradztwo, technologia, dystrybucja, serwis dla piekarni, cukierni, lodziarni i gastronomii\",\"publisher\":{\"@id\":\"http:\\\/\\\/polmarkus.unlimitech.pl\\\/#organization\"},\"potentialAction\":[{\"@type\":\"SearchAction\",\"target\":{\"@type\":\"EntryPoint\",\"urlTemplate\":\"http:\\\/\\\/polmarkus.unlimitech.pl\\\/?s={search_term_string}\"},\"query-input\":{\"@type\":\"PropertyValueSpecification\",\"valueRequired\":true,\"valueName\":\"search_term_string\"}}],\"inLanguage\":\"en-GB\"},{\"@type\":\"Organization\",\"@id\":\"http:\\\/\\\/polmarkus.unlimitech.pl\\\/#organization\",\"name\":\"Polmarkus - doradztwo, technologia, dystrybucja, serwis dla piekarni, cukierni, lodziarni i gastronomii\",\"url\":\"http:\\\/\\\/polmarkus.unlimitech.pl\\\/\",\"logo\":{\"@type\":\"ImageObject\",\"inLanguage\":\"en-GB\",\"@id\":\"http:\\\/\\\/polmarkus.unlimitech.pl\\\/#\\\/schema\\\/logo\\\/image\\\/\",\"url\":\"https:\\\/\\\/polmarkus.unlimitech.pl\\\/wp-content\\\/uploads\\\/2025\\\/12\\\/LOGO-1.svg\",\"contentUrl\":\"https:\\\/\\\/polmarkus.unlimitech.pl\\\/wp-content\\\/uploads\\\/2025\\\/12\\\/LOGO-1.svg\",\"width\":150,\"height\":60,\"caption\":\"Polmarkus - doradztwo, technologia, dystrybucja, serwis dla piekarni, cukierni, lodziarni i gastronomii\"},\"image\":{\"@id\":\"http:\\\/\\\/polmarkus.unlimitech.pl\\\/#\\\/schema\\\/logo\\\/image\\\/\"}}]}<\/script>\n<!-- \/ Yoast SEO plugin. -->","yoast_head_json":{"title":"Praca - Polmarkus - doradztwo, technologia, dystrybucja, serwis dla piekarni, cukierni, lodziarni i gastronomii","robots":{"index":"noindex","follow":"follow","max-snippet":"max-snippet:-1","max-image-preview":"max-image-preview:large","max-video-preview":"max-video-preview:-1"},"og_locale":"en_GB","og_type":"article","og_title":"Praca - Polmarkus - doradztwo, technologia, dystrybucja, serwis dla piekarni, cukierni, lodziarni i gastronomii","og_description":"Jeste\u015bmy WIOD\u0104CYM POLSKIM DYSTRYBUTOREM produkt\u00f3w spo\u017cywczych w bran\u017cy Piekarsko \u2013 Cukierniczo \u2013 Lodziarskiej. Dzia\u0142amy na rynku polskim oraz europejskim nieprzerwanie\u00a0 [&hellip;]","og_url":"https:\/\/polmarkus.unlimitech.pl\/en\/kariera\/","og_site_name":"Polmarkus - doradztwo, technologia, dystrybucja, serwis dla piekarni, cukierni, lodziarni i gastronomii","article_modified_time":"2026-02-06T09:09:46+00:00","twitter_card":"summary_large_image","twitter_misc":{"Estimated reading time":"2 minutes"},"schema":{"@context":"https:\/\/schema.org","@graph":[{"@type":"WebPage","@id":"https:\/\/polmarkus.unlimitech.pl\/kariera\/","url":"https:\/\/polmarkus.unlimitech.pl\/kariera\/","name":"Praca - Polmarkus - doradztwo, technologia, dystrybucja, serwis dla piekarni, cukierni, lodziarni i gastronomii","isPartOf":{"@id":"http:\/\/polmarkus.unlimitech.pl\/#website"},"datePublished":"2026-02-06T08:15:15+00:00","dateModified":"2026-02-06T09:09:46+00:00","breadcrumb":{"@id":"https:\/\/polmarkus.unlimitech.pl\/kariera\/#breadcrumb"},"inLanguage":"en-GB","potentialAction":[{"@type":"ReadAction","target":["https:\/\/polmarkus.unlimitech.pl\/kariera\/"]}]},{"@type":"BreadcrumbList","@id":"https:\/\/polmarkus.unlimitech.pl\/kariera\/#breadcrumb","itemListElement":[{"@type":"ListItem","position":1,"name":"Strona g\u0142\u00f3wna","item":"https:\/\/polmarkus.unlimitech.pl\/"},{"@type":"ListItem","position":2,"name":"Praca"}]},{"@type":"WebSite","@id":"http:\/\/polmarkus.unlimitech.pl\/#website","url":"http:\/\/polmarkus.unlimitech.pl\/","name":"Polmarkus - doradztwo, technologia, dystrybucja, serwis dla piekarni, cukierni, lodziarni i gastronomii","description":"doradztwo, technologia, dystrybucja, serwis dla piekarni, cukierni, lodziarni i gastronomii","publisher":{"@id":"http:\/\/polmarkus.unlimitech.pl\/#organization"},"potentialAction":[{"@type":"SearchAction","target":{"@type":"EntryPoint","urlTemplate":"http:\/\/polmarkus.unlimitech.pl\/?s={search_term_string}"},"query-input":{"@type":"PropertyValueSpecification","valueRequired":true,"valueName":"search_term_string"}}],"inLanguage":"en-GB"},{"@type":"Organization","@id":"http:\/\/polmarkus.unlimitech.pl\/#organization","name":"Polmarkus - doradztwo, technologia, dystrybucja, serwis dla piekarni, cukierni, lodziarni i gastronomii","url":"http:\/\/polmarkus.unlimitech.pl\/","logo":{"@type":"ImageObject","inLanguage":"en-GB","@id":"http:\/\/polmarkus.unlimitech.pl\/#\/schema\/logo\/image\/","url":"https:\/\/polmarkus.unlimitech.pl\/wp-content\/uploads\/2025\/12\/LOGO-1.svg","contentUrl":"https:\/\/polmarkus.unlimitech.pl\/wp-content\/uploads\/2025\/12\/LOGO-1.svg","width":150,"height":60,"caption":"Polmarkus - doradztwo, technologia, dystrybucja, serwis dla piekarni, cukierni, lodziarni i gastronomii"},"image":{"@id":"http:\/\/polmarkus.unlimitech.pl\/#\/schema\/logo\/image\/"}}]}},"_links":{"self":[{"href":"https:\/\/polmarkus.unlimitech.pl\/en\/wp-json\/wp\/v2\/pages\/2106","targetHints":{"allow":["GET"]}}],"collection":[{"href":"https:\/\/polmarkus.unlimitech.pl\/en\/wp-json\/wp\/v2\/pages"}],"about":[{"href":"https:\/\/polmarkus.unlimitech.pl\/en\/wp-json\/wp\/v2\/types\/page"}],"author":[{"embeddable":true,"href":"https:\/\/polmarkus.unlimitech.pl\/en\/wp-json\/wp\/v2\/users\/2"}],"replies":[{"embeddable":true,"href":"https:\/\/polmarkus.unlimitech.pl\/en\/wp-json\/wp\/v2\/comments?post=2106"}],"version-history":[{"count":11,"href":"https:\/\/polmarkus.unlimitech.pl\/en\/wp-json\/wp\/v2\/pages\/2106\/revisions"}],"predecessor-version":[{"id":2118,"href":"https:\/\/polmarkus.unlimitech.pl\/en\/wp-json\/wp\/v2\/pages\/2106\/revisions\/2118"}],"wp:attachment":[{"href":"https:\/\/polmarkus.unlimitech.pl\/en\/wp-json\/wp\/v2\/media?parent=2106"}],"wp:term":[{"taxonomy":"page_tag","embeddable":true,"href":"https:\/\/polmarkus.unlimitech.pl\/en\/wp-json\/wp\/v2\/page_tag?post=2106"}],"curies":[{"name":"wp","href":"https:\/\/api.w.org\/{rel}","templated":true}]}}