{"id":2161,"date":"2026-02-06T11:30:45","date_gmt":"2026-02-06T10:30:45","guid":{"rendered":"https:\/\/polmarkus.unlimitech.pl\/?page_id=2161"},"modified":"2026-02-06T11:36:53","modified_gmt":"2026-02-06T10:36:53","slug":"certyfikaty","status":"publish","type":"page","link":"https:\/\/polmarkus.unlimitech.pl\/en\/certyfikaty\/","title":{"rendered":"Certyfikaty"},"content":{"rendered":"<div data-elementor-type=\"wp-page\" data-elementor-id=\"2161\" class=\"elementor elementor-2161\" data-elementor-post-type=\"page\">\n\t\t\t\t<div class=\"elementor-element elementor-element-4b11ccd6 e-flex e-con-boxed e-con e-parent\" data-id=\"4b11ccd6\" data-element_type=\"container\" data-settings=\"{&quot;background_background&quot;:&quot;classic&quot;}\">\n\t\t\t\t\t<div class=\"e-con-inner\">\n\t\t\t\t<div class=\"elementor-element elementor-element-24ee70e0 elementor-widget elementor-widget-breadcrumbs\" data-id=\"24ee70e0\" data-element_type=\"widget\" data-widget_type=\"breadcrumbs.default\">\n\t\t\t\t\t<p id=\"breadcrumbs\"><span><span><a href=\"https:\/\/polmarkus.unlimitech.pl\/en\/\">Strona g\u0142\u00f3wna<\/a><\/span><\/span><\/p>\t\t\t\t<\/div>\n\t\t\t\t<div class=\"elementor-element elementor-element-7d1142b8 elementor-widget elementor-widget-text-editor\" data-id=\"7d1142b8\" data-element_type=\"widget\" data-widget_type=\"text-editor.default\">\n\t\t\t\t\t\t\t\t\t<p>Rosn\u0105ce wymagania Klient\u00f3w, potrzeba ich pozyskiwania oraz konkurencja na wolnym rynku w powi\u0105zaniu z aspiracjami naszej firmy s\u0105 motorem wdro\u017cenia i utrzymywania systemu zarz\u0105dzania jako\u015bci\u0105 i bezpiecze\u0144stwem \u017cywno\u015bci. Aby zapewni\u0107 bezpiecze\u0144stwo zdrowotne oferowanych us\u0142ug, firma Polmarkus Sp. z o.o. w pa\u017adzierniku 2019 wprowadzi\u0142a system zapewnienia jako\u015bci zdrowotnej zgodnej z wymaganiami IFS Logistics. Naczeln\u0105 dewiz\u0105 Polmarkus Sp. z o.o. jest rozpoznawanie i przewidywanie potrzeb i wymaga\u0144 Klient\u00f3w oraz oferowanie naszych us\u0142ug lepiej ni\u017c robi to konkurencja, maj\u0105c na uwadze zr\u00f3wnowa\u017cony rozw\u00f3j.<\/p>\t\t\t\t\t\t\t\t<\/div>\n\t\t\t\t<div class=\"elementor-element elementor-element-9f51369 elementor-widget elementor-widget-image\" data-id=\"9f51369\" data-element_type=\"widget\" data-widget_type=\"image.default\">\n\t\t\t\t\t\t\t\t\t\t\t\t\t\t\t<img fetchpriority=\"high\" decoding=\"async\" width=\"300\" height=\"178\" src=\"https:\/\/polmarkus.unlimitech.pl\/wp-content\/uploads\/2026\/02\/IFS_Logistics_Box_coated_Cmyk-300x178-1.jpg\" class=\"attachment-large size-large wp-image-2171\" alt=\"\" srcset=\"https:\/\/polmarkus.unlimitech.pl\/wp-content\/uploads\/2026\/02\/IFS_Logistics_Box_coated_Cmyk-300x178-1.jpg 300w, https:\/\/polmarkus.unlimitech.pl\/wp-content\/uploads\/2026\/02\/IFS_Logistics_Box_coated_Cmyk-300x178-1-18x12.jpg 18w\" sizes=\"(max-width: 300px) 100vw, 300px\" \/>\t\t\t\t\t\t\t\t\t\t\t\t\t\t\t<\/div>\n\t\t\t\t<div class=\"elementor-element elementor-element-40a725d elementor-widget elementor-widget-text-editor\" data-id=\"40a725d\" data-element_type=\"widget\" data-widget_type=\"text-editor.default\">\n\t\t\t\t\t\t\t\t\t<h2>IFS Logistics \u2013 gwarancja jako\u015bci i bezpiecze\u0144stwa<\/h2><p>Certyfikat <b>IFS Logistics<\/b> potwierdza, \u017ce dzia\u0142alno\u015b\u0107 logistyczna Polmarkus \u2013 w zakresie magazynowania i transportu drogowego opakowanych produkt\u00f3w spo\u017cywczych w warunkach mro\u017anych, ch\u0142odniczych i otoczenia \u2013 spe\u0142nia mi\u0119dzynarodowe standardy jako\u015bci i bezpiecze\u0144stwa.<\/p><p>Ocen\u0119 przeprowadzi\u0142a jednostka certyfikuj\u0105ca <b>DEKRA Certification Sp. z o.o.<\/b>, a nasz wynik audytu to <b>96,24%<\/b>, co odpowiada <b>poziomowi \u201eWy\u017cszemu\u201d<\/b> zgodnie z wymaganiami IFS Logistics (wersja 3, grudzie\u0144 2023).<\/p><p>Dla naszych klient\u00f3w certyfikat to gwarancja, \u017ce ka\u017cdy etap \u2013 od przyj\u0119cia towaru po dostaw\u0119 \u2013 odbywa si\u0119 w pe\u0142nej zgodno\u015bci z rygorystycznymi normami.<\/p><p>Dla nas \u2013 zobowi\u0105zanie do ci\u0105g\u0142ego doskonalenia proces\u00f3w i utrzymywania najwy\u017cszych standard\u00f3w obs\u0142ugi.<\/p><p><b>IFS Logistics to wsp\u00f3lny j\u0119zyk jako\u015bci mi\u0119dzy dostawc\u0105 a klientem \u2013 oparty na zaufaniu, bezpiecze\u0144stwie i transparentno\u015bci.<\/b><\/p>\t\t\t\t\t\t\t\t<\/div>\n\t\t\t\t<div class=\"elementor-element elementor-element-4bf488c elementor-widget elementor-widget-image\" data-id=\"4bf488c\" data-element_type=\"widget\" data-widget_type=\"image.default\">\n\t\t\t\t\t\t\t\t\t\t\t\t\t\t\t<img decoding=\"async\" width=\"724\" height=\"1024\" src=\"https:\/\/polmarkus.unlimitech.pl\/wp-content\/uploads\/2026\/02\/Certyfikat_2025_IFS-Logisitcs_POLMARKUS-Sp.-z-o.o._-pl_page-0001-724x1024.jpg\" class=\"attachment-large size-large wp-image-2173\" alt=\"\" srcset=\"https:\/\/polmarkus.unlimitech.pl\/wp-content\/uploads\/2026\/02\/Certyfikat_2025_IFS-Logisitcs_POLMARKUS-Sp.-z-o.o._-pl_page-0001-724x1024.jpg 724w, https:\/\/polmarkus.unlimitech.pl\/wp-content\/uploads\/2026\/02\/Certyfikat_2025_IFS-Logisitcs_POLMARKUS-Sp.-z-o.o._-pl_page-0001-212x300.jpg 212w, https:\/\/polmarkus.unlimitech.pl\/wp-content\/uploads\/2026\/02\/Certyfikat_2025_IFS-Logisitcs_POLMARKUS-Sp.-z-o.o._-pl_page-0001-768x1086.jpg 768w, https:\/\/polmarkus.unlimitech.pl\/wp-content\/uploads\/2026\/02\/Certyfikat_2025_IFS-Logisitcs_POLMARKUS-Sp.-z-o.o._-pl_page-0001-1086x1536.jpg 1086w, https:\/\/polmarkus.unlimitech.pl\/wp-content\/uploads\/2026\/02\/Certyfikat_2025_IFS-Logisitcs_POLMARKUS-Sp.-z-o.o._-pl_page-0001-8x12.jpg 8w, https:\/\/polmarkus.unlimitech.pl\/wp-content\/uploads\/2026\/02\/Certyfikat_2025_IFS-Logisitcs_POLMARKUS-Sp.-z-o.o._-pl_page-0001.jpg 1241w\" sizes=\"(max-width: 724px) 100vw, 724px\" \/>\t\t\t\t\t\t\t\t\t\t\t\t\t\t\t<\/div>\n\t\t\t\t\t<\/div>\n\t\t\t\t<\/div>\n\t\t\t\t<\/div>","protected":false},"excerpt":{"rendered":"<p>Rosn\u0105ce wymagania Klient\u00f3w, potrzeba ich pozyskiwania oraz konkurencja na wolnym rynku w powi\u0105zaniu z aspiracjami naszej firmy s\u0105 motorem wdro\u017cenia [&hellip;]<\/p>\n","protected":false},"author":2,"featured_media":0,"parent":0,"menu_order":0,"comment_status":"closed","ping_status":"closed","template":"","meta":{"_acf_changed":false,"inline_featured_image":false,"site-sidebar-layout":"no-sidebar","site-content-layout":"","ast-site-content-layout":"full-width-container","site-content-style":"default","site-sidebar-style":"default","ast-global-header-display":"","ast-banner-title-visibility":"","ast-main-header-display":"","ast-hfb-above-header-display":"","ast-hfb-below-header-display":"","ast-hfb-mobile-header-display":"","site-post-title":"disabled","ast-breadcrumbs-content":"","ast-featured-img":"disabled","footer-sml-layout":"","ast-disable-related-posts":"","theme-transparent-header-meta":"default","adv-header-id-meta":"","stick-header-meta":"","header-above-stick-meta":"","header-main-stick-meta":"","header-below-stick-meta":"","astra-migrate-meta-layouts":"set","ast-page-background-enabled":"default","ast-page-background-meta":{"desktop":{"background-color":"var(--ast-global-color-5)","background-image":"","background-repeat":"repeat","background-position":"center center","background-size":"auto","background-attachment":"scroll","background-type":"","background-media":"","overlay-type":"","overlay-color":"","overlay-opacity":"","overlay-gradient":""},"tablet":{"background-color":"","background-image":"","background-repeat":"repeat","background-position":"center center","background-size":"auto","background-attachment":"scroll","background-type":"","background-media":"","overlay-type":"","overlay-color":"","overlay-opacity":"","overlay-gradient":""},"mobile":{"background-color":"","background-image":"","background-repeat":"repeat","background-position":"center center","background-size":"auto","background-attachment":"scroll","background-type":"","background-media":"","overlay-type":"","overlay-color":"","overlay-opacity":"","overlay-gradient":""}},"ast-content-background-meta":{"desktop":{"background-color":"var(--ast-global-color-4)","background-image":"","background-repeat":"repeat","background-position":"center center","background-size":"auto","background-attachment":"scroll","background-type":"","background-media":"","overlay-type":"","overlay-color":"","overlay-opacity":"","overlay-gradient":""},"tablet":{"background-color":"var(--ast-global-color-4)","background-image":"","background-repeat":"repeat","background-position":"center center","background-size":"auto","background-attachment":"scroll","background-type":"","background-media":"","overlay-type":"","overlay-color":"","overlay-opacity":"","overlay-gradient":""},"mobile":{"background-color":"var(--ast-global-color-4)","background-image":"","background-repeat":"repeat","background-position":"center center","background-size":"auto","background-attachment":"scroll","background-type":"","background-media":"","overlay-type":"","overlay-color":"","overlay-opacity":"","overlay-gradient":""}},"footnotes":""},"page_tag":[],"class_list":["post-2161","page","type-page","status-publish","hentry"],"acf":[],"yoast_head":"<!-- This site is optimized with the Yoast SEO plugin v27.3 - https:\/\/yoast.com\/product\/yoast-seo-wordpress\/ -->\n<title>Certyfikaty - Polmarkus - doradztwo, technologia, dystrybucja, serwis dla piekarni, cukierni, lodziarni i gastronomii<\/title>\n<meta name=\"robots\" content=\"noindex, follow, max-snippet:-1, max-image-preview:large, max-video-preview:-1\" \/>\n<meta property=\"og:locale\" content=\"en_GB\" \/>\n<meta property=\"og:type\" content=\"article\" \/>\n<meta property=\"og:title\" content=\"Certyfikaty - Polmarkus - doradztwo, technologia, dystrybucja, serwis dla piekarni, cukierni, lodziarni i gastronomii\" \/>\n<meta property=\"og:description\" content=\"Rosn\u0105ce wymagania Klient\u00f3w, potrzeba ich pozyskiwania oraz konkurencja na wolnym rynku w powi\u0105zaniu z aspiracjami naszej firmy s\u0105 motorem wdro\u017cenia [&hellip;]\" \/>\n<meta property=\"og:url\" content=\"https:\/\/polmarkus.unlimitech.pl\/en\/certyfikaty\/\" \/>\n<meta property=\"og:site_name\" content=\"Polmarkus - doradztwo, technologia, dystrybucja, serwis dla piekarni, cukierni, lodziarni i gastronomii\" \/>\n<meta property=\"article:modified_time\" content=\"2026-02-06T10:36:53+00:00\" \/>\n<meta property=\"og:image\" content=\"https:\/\/polmarkus.unlimitech.pl\/wp-content\/uploads\/2026\/02\/IFS_Logistics_Box_coated_Cmyk-300x178-1.jpg\" \/>\n\t<meta property=\"og:image:width\" content=\"300\" \/>\n\t<meta property=\"og:image:height\" content=\"178\" \/>\n\t<meta property=\"og:image:type\" content=\"image\/jpeg\" \/>\n<meta name=\"twitter:card\" content=\"summary_large_image\" \/>\n<meta name=\"twitter:label1\" content=\"Estimated reading time\" \/>\n\t<meta name=\"twitter:data1\" content=\"2 minutes\" \/>\n<script type=\"application\/ld+json\" class=\"yoast-schema-graph\">{\"@context\":\"https:\\\/\\\/schema.org\",\"@graph\":[{\"@type\":\"WebPage\",\"@id\":\"https:\\\/\\\/polmarkus.unlimitech.pl\\\/certyfikaty\\\/\",\"url\":\"https:\\\/\\\/polmarkus.unlimitech.pl\\\/certyfikaty\\\/\",\"name\":\"Certyfikaty - Polmarkus - doradztwo, technologia, dystrybucja, serwis dla piekarni, cukierni, lodziarni i gastronomii\",\"isPartOf\":{\"@id\":\"http:\\\/\\\/polmarkus.unlimitech.pl\\\/#website\"},\"primaryImageOfPage\":{\"@id\":\"https:\\\/\\\/polmarkus.unlimitech.pl\\\/certyfikaty\\\/#primaryimage\"},\"image\":{\"@id\":\"https:\\\/\\\/polmarkus.unlimitech.pl\\\/certyfikaty\\\/#primaryimage\"},\"thumbnailUrl\":\"https:\\\/\\\/polmarkus.unlimitech.pl\\\/wp-content\\\/uploads\\\/2026\\\/02\\\/IFS_Logistics_Box_coated_Cmyk-300x178-1.jpg\",\"datePublished\":\"2026-02-06T10:30:45+00:00\",\"dateModified\":\"2026-02-06T10:36:53+00:00\",\"breadcrumb\":{\"@id\":\"https:\\\/\\\/polmarkus.unlimitech.pl\\\/certyfikaty\\\/#breadcrumb\"},\"inLanguage\":\"en-GB\",\"potentialAction\":[{\"@type\":\"ReadAction\",\"target\":[\"https:\\\/\\\/polmarkus.unlimitech.pl\\\/certyfikaty\\\/\"]}]},{\"@type\":\"ImageObject\",\"inLanguage\":\"en-GB\",\"@id\":\"https:\\\/\\\/polmarkus.unlimitech.pl\\\/certyfikaty\\\/#primaryimage\",\"url\":\"https:\\\/\\\/polmarkus.unlimitech.pl\\\/wp-content\\\/uploads\\\/2026\\\/02\\\/IFS_Logistics_Box_coated_Cmyk-300x178-1.jpg\",\"contentUrl\":\"https:\\\/\\\/polmarkus.unlimitech.pl\\\/wp-content\\\/uploads\\\/2026\\\/02\\\/IFS_Logistics_Box_coated_Cmyk-300x178-1.jpg\"},{\"@type\":\"BreadcrumbList\",\"@id\":\"https:\\\/\\\/polmarkus.unlimitech.pl\\\/certyfikaty\\\/#breadcrumb\",\"itemListElement\":[{\"@type\":\"ListItem\",\"position\":1,\"name\":\"Strona g\u0142\u00f3wna\",\"item\":\"https:\\\/\\\/polmarkus.unlimitech.pl\\\/\"},{\"@type\":\"ListItem\",\"position\":2,\"name\":\"Certyfikaty\"}]},{\"@type\":\"WebSite\",\"@id\":\"http:\\\/\\\/polmarkus.unlimitech.pl\\\/#website\",\"url\":\"http:\\\/\\\/polmarkus.unlimitech.pl\\\/\",\"name\":\"Polmarkus - doradztwo, technologia, dystrybucja, serwis dla piekarni, cukierni, lodziarni i gastronomii\",\"description\":\"doradztwo, technologia, dystrybucja, serwis dla piekarni, cukierni, lodziarni i gastronomii\",\"publisher\":{\"@id\":\"http:\\\/\\\/polmarkus.unlimitech.pl\\\/#organization\"},\"potentialAction\":[{\"@type\":\"SearchAction\",\"target\":{\"@type\":\"EntryPoint\",\"urlTemplate\":\"http:\\\/\\\/polmarkus.unlimitech.pl\\\/?s={search_term_string}\"},\"query-input\":{\"@type\":\"PropertyValueSpecification\",\"valueRequired\":true,\"valueName\":\"search_term_string\"}}],\"inLanguage\":\"en-GB\"},{\"@type\":\"Organization\",\"@id\":\"http:\\\/\\\/polmarkus.unlimitech.pl\\\/#organization\",\"name\":\"Polmarkus - doradztwo, technologia, dystrybucja, serwis dla piekarni, cukierni, lodziarni i gastronomii\",\"url\":\"http:\\\/\\\/polmarkus.unlimitech.pl\\\/\",\"logo\":{\"@type\":\"ImageObject\",\"inLanguage\":\"en-GB\",\"@id\":\"http:\\\/\\\/polmarkus.unlimitech.pl\\\/#\\\/schema\\\/logo\\\/image\\\/\",\"url\":\"https:\\\/\\\/polmarkus.unlimitech.pl\\\/wp-content\\\/uploads\\\/2025\\\/12\\\/LOGO-1.svg\",\"contentUrl\":\"https:\\\/\\\/polmarkus.unlimitech.pl\\\/wp-content\\\/uploads\\\/2025\\\/12\\\/LOGO-1.svg\",\"width\":150,\"height\":60,\"caption\":\"Polmarkus - doradztwo, technologia, dystrybucja, serwis dla piekarni, cukierni, lodziarni i gastronomii\"},\"image\":{\"@id\":\"http:\\\/\\\/polmarkus.unlimitech.pl\\\/#\\\/schema\\\/logo\\\/image\\\/\"}}]}<\/script>\n<!-- \/ Yoast SEO plugin. -->","yoast_head_json":{"title":"Certyfikaty - Polmarkus - doradztwo, technologia, dystrybucja, serwis dla piekarni, cukierni, lodziarni i gastronomii","robots":{"index":"noindex","follow":"follow","max-snippet":"max-snippet:-1","max-image-preview":"max-image-preview:large","max-video-preview":"max-video-preview:-1"},"og_locale":"en_GB","og_type":"article","og_title":"Certyfikaty - Polmarkus - doradztwo, technologia, dystrybucja, serwis dla piekarni, cukierni, lodziarni i gastronomii","og_description":"Rosn\u0105ce wymagania Klient\u00f3w, potrzeba ich pozyskiwania oraz konkurencja na wolnym rynku w powi\u0105zaniu z aspiracjami naszej firmy s\u0105 motorem wdro\u017cenia [&hellip;]","og_url":"https:\/\/polmarkus.unlimitech.pl\/en\/certyfikaty\/","og_site_name":"Polmarkus - doradztwo, technologia, dystrybucja, serwis dla piekarni, cukierni, lodziarni i gastronomii","article_modified_time":"2026-02-06T10:36:53+00:00","og_image":[{"width":300,"height":178,"url":"https:\/\/polmarkus.unlimitech.pl\/wp-content\/uploads\/2026\/02\/IFS_Logistics_Box_coated_Cmyk-300x178-1.jpg","type":"image\/jpeg"}],"twitter_card":"summary_large_image","twitter_misc":{"Estimated reading time":"2 minutes"},"schema":{"@context":"https:\/\/schema.org","@graph":[{"@type":"WebPage","@id":"https:\/\/polmarkus.unlimitech.pl\/certyfikaty\/","url":"https:\/\/polmarkus.unlimitech.pl\/certyfikaty\/","name":"Certyfikaty - Polmarkus - doradztwo, technologia, dystrybucja, serwis dla piekarni, cukierni, lodziarni i gastronomii","isPartOf":{"@id":"http:\/\/polmarkus.unlimitech.pl\/#website"},"primaryImageOfPage":{"@id":"https:\/\/polmarkus.unlimitech.pl\/certyfikaty\/#primaryimage"},"image":{"@id":"https:\/\/polmarkus.unlimitech.pl\/certyfikaty\/#primaryimage"},"thumbnailUrl":"https:\/\/polmarkus.unlimitech.pl\/wp-content\/uploads\/2026\/02\/IFS_Logistics_Box_coated_Cmyk-300x178-1.jpg","datePublished":"2026-02-06T10:30:45+00:00","dateModified":"2026-02-06T10:36:53+00:00","breadcrumb":{"@id":"https:\/\/polmarkus.unlimitech.pl\/certyfikaty\/#breadcrumb"},"inLanguage":"en-GB","potentialAction":[{"@type":"ReadAction","target":["https:\/\/polmarkus.unlimitech.pl\/certyfikaty\/"]}]},{"@type":"ImageObject","inLanguage":"en-GB","@id":"https:\/\/polmarkus.unlimitech.pl\/certyfikaty\/#primaryimage","url":"https:\/\/polmarkus.unlimitech.pl\/wp-content\/uploads\/2026\/02\/IFS_Logistics_Box_coated_Cmyk-300x178-1.jpg","contentUrl":"https:\/\/polmarkus.unlimitech.pl\/wp-content\/uploads\/2026\/02\/IFS_Logistics_Box_coated_Cmyk-300x178-1.jpg"},{"@type":"BreadcrumbList","@id":"https:\/\/polmarkus.unlimitech.pl\/certyfikaty\/#breadcrumb","itemListElement":[{"@type":"ListItem","position":1,"name":"Strona g\u0142\u00f3wna","item":"https:\/\/polmarkus.unlimitech.pl\/"},{"@type":"ListItem","position":2,"name":"Certyfikaty"}]},{"@type":"WebSite","@id":"http:\/\/polmarkus.unlimitech.pl\/#website","url":"http:\/\/polmarkus.unlimitech.pl\/","name":"Polmarkus - doradztwo, technologia, dystrybucja, serwis dla piekarni, cukierni, lodziarni i gastronomii","description":"doradztwo, technologia, dystrybucja, serwis dla piekarni, cukierni, lodziarni i gastronomii","publisher":{"@id":"http:\/\/polmarkus.unlimitech.pl\/#organization"},"potentialAction":[{"@type":"SearchAction","target":{"@type":"EntryPoint","urlTemplate":"http:\/\/polmarkus.unlimitech.pl\/?s={search_term_string}"},"query-input":{"@type":"PropertyValueSpecification","valueRequired":true,"valueName":"search_term_string"}}],"inLanguage":"en-GB"},{"@type":"Organization","@id":"http:\/\/polmarkus.unlimitech.pl\/#organization","name":"Polmarkus - doradztwo, technologia, dystrybucja, serwis dla piekarni, cukierni, lodziarni i gastronomii","url":"http:\/\/polmarkus.unlimitech.pl\/","logo":{"@type":"ImageObject","inLanguage":"en-GB","@id":"http:\/\/polmarkus.unlimitech.pl\/#\/schema\/logo\/image\/","url":"https:\/\/polmarkus.unlimitech.pl\/wp-content\/uploads\/2025\/12\/LOGO-1.svg","contentUrl":"https:\/\/polmarkus.unlimitech.pl\/wp-content\/uploads\/2025\/12\/LOGO-1.svg","width":150,"height":60,"caption":"Polmarkus - doradztwo, technologia, dystrybucja, serwis dla piekarni, cukierni, lodziarni i gastronomii"},"image":{"@id":"http:\/\/polmarkus.unlimitech.pl\/#\/schema\/logo\/image\/"}}]}},"_links":{"self":[{"href":"https:\/\/polmarkus.unlimitech.pl\/en\/wp-json\/wp\/v2\/pages\/2161","targetHints":{"allow":["GET"]}}],"collection":[{"href":"https:\/\/polmarkus.unlimitech.pl\/en\/wp-json\/wp\/v2\/pages"}],"about":[{"href":"https:\/\/polmarkus.unlimitech.pl\/en\/wp-json\/wp\/v2\/types\/page"}],"author":[{"embeddable":true,"href":"https:\/\/polmarkus.unlimitech.pl\/en\/wp-json\/wp\/v2\/users\/2"}],"replies":[{"embeddable":true,"href":"https:\/\/polmarkus.unlimitech.pl\/en\/wp-json\/wp\/v2\/comments?post=2161"}],"version-history":[{"count":4,"href":"https:\/\/polmarkus.unlimitech.pl\/en\/wp-json\/wp\/v2\/pages\/2161\/revisions"}],"predecessor-version":[{"id":2176,"href":"https:\/\/polmarkus.unlimitech.pl\/en\/wp-json\/wp\/v2\/pages\/2161\/revisions\/2176"}],"wp:attachment":[{"href":"https:\/\/polmarkus.unlimitech.pl\/en\/wp-json\/wp\/v2\/media?parent=2161"}],"wp:term":[{"taxonomy":"page_tag","embeddable":true,"href":"https:\/\/polmarkus.unlimitech.pl\/en\/wp-json\/wp\/v2\/page_tag?post=2161"}],"curies":[{"name":"wp","href":"https:\/\/api.w.org\/{rel}","templated":true}]}}